{"id":27005742,"date":"2025-03-21T14:28:19","date_gmt":"2025-03-21T13:28:19","guid":{"rendered":"https:\/\/topvisit.eu\/?page_id=27005742"},"modified":"2025-08-19T10:44:03","modified_gmt":"2025-08-19T08:44:03","slug":"registration-notice","status":"publish","type":"page","link":"https:\/\/topvisit.eu\/en\/registration-notice\/","title":{"rendered":"Registration notice"},"content":{"rendered":"<p>[et_pb_section fb_built=&#8221;1&#8243; _builder_version=&#8221;4.27.4&#8243; _module_preset=&#8221;default&#8221; global_colors_info=&#8221;{}&#8221;][et_pb_row _builder_version=&#8221;4.27.4&#8243; _module_preset=&#8221;default&#8221; disabled_on=&#8221;on|on|off&#8221; hover_enabled=&#8221;0&#8243; sticky_enabled=&#8221;0&#8243; locked=&#8221;off&#8221;][et_pb_column _builder_version=&#8221;4.27.4&#8243; _module_preset=&#8221;default&#8221; type=&#8221;4_4&#8243;][et_pb_image src=&#8221;https:\/\/topvisit.eu\/wp-content\/uploads\/Top-Visit-logotip-2.webp&#8221; _builder_version=&#8221;4.27.4&#8243; _module_preset=&#8221;default&#8221; title_text=&#8221;Top Visit logotip&#8221; align=&#8221;center&#8221; width=&#8221;19%&#8221; hover_enabled=&#8221;0&#8243; sticky_enabled=&#8221;0&#8243;][\/et_pb_image][\/et_pb_column][\/et_pb_row][et_pb_row column_structure=&#8221;1_2,1_2&#8243; use_custom_gutter=&#8221;on&#8221; custom_padding_last_edited=&#8221;on|desktop&#8221; _builder_version=&#8221;4.27.4&#8243; _module_preset=&#8221;default&#8221; use_background_color_gradient=&#8221;on&#8221; background_color_gradient_direction=&#8221;90deg&#8221; background_color_gradient_stops=&#8221;#ffffff 4%|#f7f7f7 37%|#ffffff 56%&#8221; width=&#8221;90%&#8221; max_width=&#8221;1280px&#8221; custom_margin=&#8221;17px||0px||false|true&#8221; custom_margin_tablet=&#8221;17px||0px||false|true&#8221; custom_margin_phone=&#8221;3px||||false|true&#8221; custom_margin_last_edited=&#8221;on|phone&#8221; custom_padding=&#8221;21px|0px|21px|0px|true|true&#8221; custom_padding_tablet=&#8221;21px|0px|21px|0px|true|true&#8221; custom_padding_phone=&#8221;5px|0px|5px|0px|true|true&#8221; border_radii=&#8221;on|14px|14px|14px|14px&#8221; global_colors_info=&#8221;{}&#8221;][et_pb_column type=&#8221;1_2&#8243; _builder_version=&#8221;4.27.4&#8243; _module_preset=&#8221;default&#8221; global_colors_info=&#8221;{}&#8221;][et_pb_image src=&#8221;https:\/\/topvisit.eu\/wp-content\/uploads\/Flag_of_Croatia_Flat_Round-256&#215;256-1.png&#8221; title_text=&#8221;Top Visit flag Croatia&#8221; align=&#8221;center&#8221; _builder_version=&#8221;4.27.4&#8243; _module_preset=&#8221;default&#8221; width=&#8221;100%&#8221; max_width=&#8221;15%&#8221; global_colors_info=&#8221;{}&#8221;][\/et_pb_image][et_pb_text _builder_version=&#8221;4.27.4&#8243; _module_preset=&#8221;default&#8221; header_text_align=&#8221;center&#8221; header_text_color=&#8221;#5ce876&#8243; header_font_size=&#8221;50px&#8221; custom_margin=&#8221;15px||||false|false&#8221; custom_padding=&#8221;0px||||false|false&#8221; custom_padding_tablet=&#8221;90px||||false|false&#8221; custom_padding_phone=&#8221;0px||||false|false&#8221; custom_padding_last_edited=&#8221;on|phone&#8221; header_font_size_tablet=&#8221;50px&#8221; header_font_size_phone=&#8221;30px&#8221; header_font_size_last_edited=&#8221;on|phone&#8221; global_colors_info=&#8221;{}&#8221;]<\/p>\n<h1>Uspje\u0161na registracija<\/h1>\n<p>[\/et_pb_text][et_pb_text _builder_version=&#8221;4.27.4&#8243; _module_preset=&#8221;default&#8221; text_text_color=&#8221;#333333&#8243; text_font_size=&#8221;22px&#8221; text_orientation=&#8221;center&#8221; text_font_size_tablet=&#8221;22px&#8221; text_font_size_phone=&#8221;17px&#8221; text_font_size_last_edited=&#8221;on|phone&#8221; global_colors_info=&#8221;{}&#8221;]<\/p>\n<p data-start=\"18\" data-end=\"53\"><strong>Hvala \u0161to ste se registrirali!<\/strong><\/p>\n<p><strong><span style=\"color: #ff6600;\">1.<\/span> <\/strong>Provjerite svoju e-po\u0161tu \u2013 tamo vas \u010deka poruka za potvrdu ra\u010duna.<\/p>\n<p><strong><span style=\"color: #ff6600;\">2.<\/span><\/strong> Otvorite e-poruku i kliknite na poveznicu za potvrdu ra\u010duna.<\/p>\n<p><span style=\"color: #ff6600;\"><strong>3.<\/strong><\/span> Prijavite se i krenite s istra\u017eivanjem! \ud83d\ude80<\/p>\n<p>[\/et_pb_text][et_pb_divider disabled_on=&#8221;off|off|on&#8221; _builder_version=&#8221;4.27.4&#8243; _module_preset=&#8221;default&#8221; custom_margin=&#8221;||-11px||false|false&#8221; custom_padding=&#8221;11px||0px||false|false&#8221; global_colors_info=&#8221;{}&#8221;][\/et_pb_divider][\/et_pb_column][et_pb_column type=&#8221;1_2&#8243; _builder_version=&#8221;4.27.4&#8243; _module_preset=&#8221;default&#8221; global_colors_info=&#8221;{}&#8221;][et_pb_image src=&#8221;https:\/\/topvisit.eu\/wp-content\/uploads\/Flag_of_United_Kingdom_Flat_Round-256&#215;256-1.png&#8221; title_text=&#8221;Top Visit UK flag&#8221; align=&#8221;center&#8221; _builder_version=&#8221;4.27.4&#8243; _module_preset=&#8221;default&#8221; width=&#8221;100%&#8221; max_width=&#8221;15%&#8221; global_colors_info=&#8221;{}&#8221;][\/et_pb_image][et_pb_text _builder_version=&#8221;4.27.4&#8243; _module_preset=&#8221;default&#8221; header_text_align=&#8221;center&#8221; header_text_color=&#8221;#5ce876&#8243; header_font_size=&#8221;50px&#8221; custom_margin=&#8221;15px||||false|false&#8221; custom_padding=&#8221;0px||||false|false&#8221; custom_padding_tablet=&#8221;90px||||false|false&#8221; custom_padding_phone=&#8221;0px||||false|false&#8221; custom_padding_last_edited=&#8221;on|phone&#8221; header_font_size_tablet=&#8221;50px&#8221; header_font_size_phone=&#8221;30px&#8221; header_font_size_last_edited=&#8221;on|phone&#8221; global_colors_info=&#8221;{}&#8221;]<\/p>\n<h1>Successful registration<\/h1>\n<p>[\/et_pb_text][et_pb_text _builder_version=&#8221;4.27.4&#8243; _module_preset=&#8221;default&#8221; text_text_color=&#8221;#333333&#8243; text_font_size=&#8221;22px&#8221; text_orientation=&#8221;center&#8221; text_font_size_tablet=&#8221;22px&#8221; text_font_size_phone=&#8221;17px&#8221; text_font_size_last_edited=&#8221;on|phone&#8221; global_colors_info=&#8221;{}&#8221;]<\/p>\n<p><strong>Thank you for signing up!<\/strong><\/p>\n<p><span style=\"color: #ff6600;\"><strong>1.<\/strong><\/span> Check your email \u2013 there\u2019s a confirmation email waiting for you.<\/p>\n<p><strong><span style=\"color: #ff6600;\">2.<\/span> <\/strong>Open the email and click on the link to confirm your account.<\/p>\n<p><span style=\"color: #ff6600;\"><strong>3.<\/strong> <\/span>Sign in and start exploring! \ud83d\ude80<\/p>\n<p>[\/et_pb_text][\/et_pb_column][\/et_pb_row][\/et_pb_section]<\/p>\n","protected":false},"excerpt":{"rendered":"<p>Uspje\u0161na registracija Hvala \u0161to ste se registrirali! 1. Provjerite svoju e-po\u0161tu \u2013 tamo vas \u010deka poruka za potvrdu ra\u010duna. 2. Otvorite e-poruku i kliknite na poveznicu za potvrdu ra\u010duna. 3. Prijavite se i krenite s istra\u017eivanjem! \ud83d\ude80 Successful registration Thank you for signing up! 1. Check your email \u2013 there\u2019s a confirmation email waiting for [&hellip;]<\/p>\n","protected":false},"author":2,"featured_media":0,"parent":0,"menu_order":0,"comment_status":"closed","ping_status":"closed","template":"","meta":{"_acf_changed":false,"_et_pb_use_builder":"on","_et_pb_old_content":"[et_pb_section fb_built=\"1\" _builder_version=\"4.27.4\" _module_preset=\"default\" global_colors_info=\"{}\"][et_pb_row _builder_version=\"4.27.4\" _module_preset=\"default\" disabled_on=\"on|on|off\" hover_enabled=\"0\" sticky_enabled=\"0\" locked=\"off\"][et_pb_column _builder_version=\"4.27.4\" _module_preset=\"default\" type=\"4_4\"][et_pb_image src=\"https:\/\/topvisit.eu\/wp-content\/uploads\/Top-Visit-logotip-2.webp\" _builder_version=\"4.27.4\" _module_preset=\"default\" title_text=\"Top Visit logotip\" align=\"center\" width=\"19%\" hover_enabled=\"0\" sticky_enabled=\"0\"][\/et_pb_image][\/et_pb_column][\/et_pb_row][et_pb_row column_structure=\"1_2,1_2\" use_custom_gutter=\"on\" custom_padding_last_edited=\"on|desktop\" _builder_version=\"4.27.4\" _module_preset=\"default\" use_background_color_gradient=\"on\" background_color_gradient_direction=\"90deg\" background_color_gradient_stops=\"#ffffff 4%|#f7f7f7 37%|#ffffff 56%\" width=\"90%\" max_width=\"1280px\" custom_margin=\"17px||0px||false|true\" custom_margin_tablet=\"17px||0px||false|true\" custom_margin_phone=\"3px||||false|true\" custom_margin_last_edited=\"on|phone\" custom_padding=\"21px|0px|21px|0px|true|true\" custom_padding_tablet=\"21px|0px|21px|0px|true|true\" custom_padding_phone=\"5px|0px|5px|0px|true|true\" border_radii=\"on|14px|14px|14px|14px\" global_colors_info=\"{}\"][et_pb_column type=\"1_2\" _builder_version=\"4.27.4\" _module_preset=\"default\" global_colors_info=\"{}\"][et_pb_image src=\"https:\/\/topvisit.eu\/wp-content\/uploads\/Flag_of_Croatia_Flat_Round-256x256-1.png\" title_text=\"Top Visit flag Croatia\" align=\"center\" _builder_version=\"4.27.4\" _module_preset=\"default\" width=\"100%\" max_width=\"15%\" global_colors_info=\"{}\"][\/et_pb_image][et_pb_text _builder_version=\"4.27.4\" _module_preset=\"default\" header_text_align=\"center\" header_text_color=\"#5ce876\" header_font_size=\"50px\" custom_margin=\"15px||||false|false\" custom_padding=\"0px||||false|false\" custom_padding_tablet=\"90px||||false|false\" custom_padding_phone=\"0px||||false|false\" custom_padding_last_edited=\"on|phone\" header_font_size_tablet=\"50px\" header_font_size_phone=\"30px\" header_font_size_last_edited=\"on|phone\" global_colors_info=\"{}\"]\n<h1>Uspje\u0161na registracija<\/h1>\n[\/et_pb_text][et_pb_text _builder_version=\"4.27.4\" _module_preset=\"default\" text_text_color=\"#333333\" text_font_size=\"22px\" text_orientation=\"center\" text_font_size_tablet=\"22px\" text_font_size_phone=\"17px\" text_font_size_last_edited=\"on|phone\" global_colors_info=\"{}\"]\n<p data-start=\"18\" data-end=\"53\"><strong>Hvala \u0161to ste se registrirali!<\/strong><\/p>\n<strong><span style=\"color: #ff6600;\">1.<\/span> <\/strong>Provjerite svoju e-po\u0161tu \u2013 tamo vas \u010deka poruka za potvrdu ra\u010duna.\n\n<strong><span style=\"color: #ff6600;\">2.<\/span><\/strong> Otvorite e-poruku i kliknite na poveznicu za potvrdu ra\u010duna.\n\n<span style=\"color: #ff6600;\"><strong>3.<\/strong><\/span> Prijavite se i krenite s istra\u017eivanjem! \ud83d\ude80\n\n[\/et_pb_text][et_pb_divider disabled_on=\"off|off|on\" _builder_version=\"4.27.4\" _module_preset=\"default\" custom_margin=\"||-11px||false|false\" custom_padding=\"11px||0px||false|false\" global_colors_info=\"{}\"][\/et_pb_divider][\/et_pb_column][et_pb_column type=\"1_2\" _builder_version=\"4.27.4\" _module_preset=\"default\" global_colors_info=\"{}\"][et_pb_image src=\"https:\/\/topvisit.eu\/wp-content\/uploads\/Flag_of_United_Kingdom_Flat_Round-256x256-1.png\" title_text=\"Top Visit UK flag\" align=\"center\" _builder_version=\"4.27.4\" _module_preset=\"default\" width=\"100%\" max_width=\"15%\" global_colors_info=\"{}\"][\/et_pb_image][et_pb_text _builder_version=\"4.27.4\" _module_preset=\"default\" header_text_align=\"center\" header_text_color=\"#5ce876\" header_font_size=\"50px\" custom_margin=\"15px||||false|false\" custom_padding=\"0px||||false|false\" custom_padding_tablet=\"90px||||false|false\" custom_padding_phone=\"0px||||false|false\" custom_padding_last_edited=\"on|phone\" header_font_size_tablet=\"50px\" header_font_size_phone=\"30px\" header_font_size_last_edited=\"on|phone\" global_colors_info=\"{}\"]\n<h1>Successful registration<\/h1>\n[\/et_pb_text][et_pb_text _builder_version=\"4.27.4\" _module_preset=\"default\" text_text_color=\"#333333\" text_font_size=\"22px\" text_orientation=\"center\" text_font_size_tablet=\"22px\" text_font_size_phone=\"17px\" text_font_size_last_edited=\"on|phone\" global_colors_info=\"{}\"]\n\n<strong>Thank you for signing up!<\/strong>\n\n<span style=\"color: #ff6600;\"><strong>1.<\/strong><\/span> Check your email \u2013 there\u2019s a confirmation email waiting for you.\n\n<strong><span style=\"color: #ff6600;\">2.<\/span> <\/strong>Open the email and click on the link to confirm your account.\n\n<span style=\"color: #ff6600;\"><strong>3.<\/strong> <\/span>Sign in and start exploring! \ud83d\ude80\n\n[\/et_pb_text][\/et_pb_column][\/et_pb_row][\/et_pb_section]","_et_gb_content_width":"","footnotes":""},"dipi_cpt_category":[],"class_list":["post-27005742","page","type-page","status-publish","hentry"],"acf":[],"_links":{"self":[{"href":"https:\/\/topvisit.eu\/en\/wp-json\/wp\/v2\/pages\/27005742","targetHints":{"allow":["GET"]}}],"collection":[{"href":"https:\/\/topvisit.eu\/en\/wp-json\/wp\/v2\/pages"}],"about":[{"href":"https:\/\/topvisit.eu\/en\/wp-json\/wp\/v2\/types\/page"}],"author":[{"embeddable":true,"href":"https:\/\/topvisit.eu\/en\/wp-json\/wp\/v2\/users\/2"}],"replies":[{"embeddable":true,"href":"https:\/\/topvisit.eu\/en\/wp-json\/wp\/v2\/comments?post=27005742"}],"version-history":[{"count":0,"href":"https:\/\/topvisit.eu\/en\/wp-json\/wp\/v2\/pages\/27005742\/revisions"}],"wp:attachment":[{"href":"https:\/\/topvisit.eu\/en\/wp-json\/wp\/v2\/media?parent=27005742"}],"wp:term":[{"taxonomy":"dipi_cpt_category","embeddable":true,"href":"https:\/\/topvisit.eu\/en\/wp-json\/wp\/v2\/dipi_cpt_category?post=27005742"}],"curies":[{"name":"wp","href":"https:\/\/api.w.org\/{rel}","templated":true}]}}